{"id":73,"date":"2017-02-05T09:41:05","date_gmt":"2017-02-05T14:41:05","guid":{"rendered":"https:\/\/www.columbus.in.gov\/fire\/?page_id=73"},"modified":"2026-03-02T11:13:28","modified_gmt":"2026-03-02T16:13:28","slug":"regulations-for-open-burning-inside-columbus-city-limits","status":"publish","type":"page","link":"https:\/\/www.columbus.in.gov\/fire\/safety-information\/regulations-for-open-burning-inside-columbus-city-limits\/","title":{"rendered":"Regulations for Open Burning Inside Columbus City Limits"},"content":{"rendered":"<div class=\"fusion-fullwidth fullwidth-box fusion-builder-row-1 fusion-flex-container nonhundred-percent-fullwidth non-hundred-percent-height-scrolling\" style=\"--awb-border-radius-top-left:0px;--awb-border-radius-top-right:0px;--awb-border-radius-bottom-right:0px;--awb-border-radius-bottom-left:0px;--awb-flex-wrap:wrap;\" ><div class=\"fusion-builder-row fusion-row fusion-flex-align-items-flex-start fusion-flex-content-wrap\" style=\"max-width:1248px;margin-left: calc(-4% \/ 2 );margin-right: calc(-4% \/ 2 );\"><div class=\"fusion-layout-column fusion_builder_column fusion-builder-column-0 fusion_builder_column_1_1 1_1 fusion-flex-column\" style=\"--awb-bg-size:cover;--awb-width-large:100%;--awb-margin-top-large:0px;--awb-spacing-right-large:1.92%;--awb-margin-bottom-large:0px;--awb-spacing-left-large:1.92%;--awb-width-medium:100%;--awb-spacing-right-medium:1.92%;--awb-spacing-left-medium:1.92%;--awb-width-small:100%;--awb-spacing-right-small:1.92%;--awb-spacing-left-small:1.92%;\"><div class=\"fusion-column-wrapper fusion-flex-justify-content-flex-start fusion-content-layout-column\"><div class=\"fusion-text fusion-text-1\"><h2 style=\"text-align: left;--fontSize: 22;line-height: 1.5;--minFontSize: 22\" align=\"center\" data-fontsize=\"22\" data-lineheight=\"33px\" class=\"fusion-responsive-typography-calculated\">Regulations for Open Burning Inside Columbus City Limits<\/h2>\n<p style=\"text-align: left\" align=\"center\">The Fire Chief is authorized to require open burning be immediately discontinued if such burning constitutes a hazardous condition.<\/p>\n<ol>\n<li> Open burning of rubbish is prohibited.<\/li>\n<li> Open containers having a bottom, sides and a \u00bc inch mesh top are approved for burning.<\/li>\n<li> The minimum required distance from a structure is 15 feet.<\/li>\n<li>  A minimum of one portable fire extinguisher with a 4-A rating or other approved on site fire extinguishing equipment such as dirt, sand, water barrel, garden hose or water truck shall be available for immediate utilization.<\/li>\n<li>  Burning material shall be constantly attended by a person knowledgeable in the use of the fire extinguishing equipment required by this section and familiar with any limitations that restrict open burning.  An attendant shall supervise the burning material until the fire has been extinguished.<\/li>\n<\/ol>\n<p><strong>Below are examples of approved containers.<\/strong><\/p>\n<p><a href=\"https:\/\/www.columbus.in.gov\/fire\/wp-content\/uploads\/sites\/3\/2017\/02\/Approved-Containers-For-Open-Burning.png\"><img decoding=\"async\" class=\"alignleft wp-image-74 size-large\" src=\"https:\/\/www.columbus.in.gov\/fire\/wp-content\/uploads\/sites\/3\/2017\/02\/Approved-Containers-For-Open-Burning-1024x340.png\" alt=\"Approved Containers For Open Burning\" width=\"1024\" height=\"340\" srcset=\"https:\/\/www.columbus.in.gov\/fire\/wp-content\/uploads\/sites\/3\/2017\/02\/Approved-Containers-For-Open-Burning-200x66.png 200w, https:\/\/www.columbus.in.gov\/fire\/wp-content\/uploads\/sites\/3\/2017\/02\/Approved-Containers-For-Open-Burning-300x100.png 300w, https:\/\/www.columbus.in.gov\/fire\/wp-content\/uploads\/sites\/3\/2017\/02\/Approved-Containers-For-Open-Burning-400x133.png 400w, https:\/\/www.columbus.in.gov\/fire\/wp-content\/uploads\/sites\/3\/2017\/02\/Approved-Containers-For-Open-Burning-600x199.png 600w, https:\/\/www.columbus.in.gov\/fire\/wp-content\/uploads\/sites\/3\/2017\/02\/Approved-Containers-For-Open-Burning-768x255.png 768w, https:\/\/www.columbus.in.gov\/fire\/wp-content\/uploads\/sites\/3\/2017\/02\/Approved-Containers-For-Open-Burning-800x266.png 800w, https:\/\/www.columbus.in.gov\/fire\/wp-content\/uploads\/sites\/3\/2017\/02\/Approved-Containers-For-Open-Burning-1024x340.png 1024w, https:\/\/www.columbus.in.gov\/fire\/wp-content\/uploads\/sites\/3\/2017\/02\/Approved-Containers-For-Open-Burning-1200x399.png 1200w, https:\/\/www.columbus.in.gov\/fire\/wp-content\/uploads\/sites\/3\/2017\/02\/Approved-Containers-For-Open-Burning.png 1216w\" sizes=\"(max-width: 1024px) 100vw, 1024px\" \/><\/a><\/p>\n<\/p>\n<h2 data-fontsize=\"22\" style=\"--fontSize: 22;line-height: 1.5;--minFontSize: 22\" data-lineheight=\"33px\" class=\"fusion-responsive-typography-calculated\"><strong>Normas para la quema a cielo abierto dentro de los l\u00edmites de la ciudad de Columbus<\/strong><\/h2>\n<p>El Jefe de Bomberos est\u00e1 autorizado a exigir la suspensi\u00f3n inmediata de la quema a cielo abierto si dicha quema constituye una condici\u00f3n peligrosa.<\/p>\n<ol>\n<li>Se proh\u00edbe la quema de basura a cielo abierto.<\/li>\n<li>Se permiten la quema en recipientes abiertos con fondo, laterales y una tapa de malla de 6 mm.<\/li>\n<li>La distancia m\u00ednima requerida de una estructura es de 4.5 metros.<\/li>\n<li>Se deber\u00e1 disponer de al menos un extintor port\u00e1til con clasificaci\u00f3n 4-A u otro equipo de extinci\u00f3n de incendios aprobado en el lugar, como tierra, arena, barril de agua, manguera de jard\u00edn o cami\u00f3n cisterna, para su uso inmediato.<\/li>\n<li>El material en combusti\u00f3n deber\u00e1 ser supervisado constantemente por una persona con conocimientos en el uso del equipo de extinci\u00f3n de incendios requerido por esta secci\u00f3n y familiarizada con las limitaciones que restringen la quema a cielo abierto. Un asistente supervisar\u00e1 el material en combusti\u00f3n hasta que el incendio se haya extinguido.<\/li>\n<li>Cualquier queja sobre olores o emisiones de humo ser\u00e1 motivo de extinci\u00f3n inmediata del incendio.<\/li>\n<\/ol>\n<p><strong>A continuaci\u00f3n se muestran ejemplos de contenedores aprobados<\/strong>.<\/p>\n<p><a href=\"https:\/\/www.columbus.in.gov\/fire\/wp-content\/uploads\/sites\/3\/2017\/02\/Approved-Containers-For-Open-Burning.png\"><img decoding=\"async\" class=\"alignleft wp-image-74 size-large\" src=\"https:\/\/www.columbus.in.gov\/fire\/wp-content\/uploads\/sites\/3\/2017\/02\/Approved-Containers-For-Open-Burning-1024x340.png\" alt=\"Approved Containers For Open Burning\" width=\"1024\" height=\"340\" srcset=\"https:\/\/www.columbus.in.gov\/fire\/wp-content\/uploads\/sites\/3\/2017\/02\/Approved-Containers-For-Open-Burning-200x66.png 200w, https:\/\/www.columbus.in.gov\/fire\/wp-content\/uploads\/sites\/3\/2017\/02\/Approved-Containers-For-Open-Burning-300x100.png 300w, https:\/\/www.columbus.in.gov\/fire\/wp-content\/uploads\/sites\/3\/2017\/02\/Approved-Containers-For-Open-Burning-400x133.png 400w, https:\/\/www.columbus.in.gov\/fire\/wp-content\/uploads\/sites\/3\/2017\/02\/Approved-Containers-For-Open-Burning-600x199.png 600w, https:\/\/www.columbus.in.gov\/fire\/wp-content\/uploads\/sites\/3\/2017\/02\/Approved-Containers-For-Open-Burning-768x255.png 768w, https:\/\/www.columbus.in.gov\/fire\/wp-content\/uploads\/sites\/3\/2017\/02\/Approved-Containers-For-Open-Burning-800x266.png 800w, https:\/\/www.columbus.in.gov\/fire\/wp-content\/uploads\/sites\/3\/2017\/02\/Approved-Containers-For-Open-Burning-1024x340.png 1024w, https:\/\/www.columbus.in.gov\/fire\/wp-content\/uploads\/sites\/3\/2017\/02\/Approved-Containers-For-Open-Burning-1200x399.png 1200w, https:\/\/www.columbus.in.gov\/fire\/wp-content\/uploads\/sites\/3\/2017\/02\/Approved-Containers-For-Open-Burning.png 1216w\" sizes=\"(max-width: 1024px) 100vw, 1024px\" \/><\/a><\/p>\n<\/div><\/div><\/div><\/div><\/div>\n","protected":false},"excerpt":{"rendered":"","protected":false},"author":3,"featured_media":0,"parent":19,"menu_order":0,"comment_status":"closed","ping_status":"closed","template":"","meta":{"footnotes":""},"class_list":["post-73","page","type-page","status-publish","hentry"],"publishpress_future_action":{"enabled":false,"date":"2026-04-25 20:44:22","action":"change-status","newStatus":"draft","terms":[],"taxonomy":"","extraData":[]},"publishpress_future_workflow_manual_trigger":{"enabledWorkflows":[]},"_links":{"self":[{"href":"https:\/\/www.columbus.in.gov\/fire\/wp-json\/wp\/v2\/pages\/73","targetHints":{"allow":["GET"]}}],"collection":[{"href":"https:\/\/www.columbus.in.gov\/fire\/wp-json\/wp\/v2\/pages"}],"about":[{"href":"https:\/\/www.columbus.in.gov\/fire\/wp-json\/wp\/v2\/types\/page"}],"author":[{"embeddable":true,"href":"https:\/\/www.columbus.in.gov\/fire\/wp-json\/wp\/v2\/users\/3"}],"replies":[{"embeddable":true,"href":"https:\/\/www.columbus.in.gov\/fire\/wp-json\/wp\/v2\/comments?post=73"}],"version-history":[{"count":3,"href":"https:\/\/www.columbus.in.gov\/fire\/wp-json\/wp\/v2\/pages\/73\/revisions"}],"predecessor-version":[{"id":11446,"href":"https:\/\/www.columbus.in.gov\/fire\/wp-json\/wp\/v2\/pages\/73\/revisions\/11446"}],"up":[{"embeddable":true,"href":"https:\/\/www.columbus.in.gov\/fire\/wp-json\/wp\/v2\/pages\/19"}],"wp:attachment":[{"href":"https:\/\/www.columbus.in.gov\/fire\/wp-json\/wp\/v2\/media?parent=73"}],"curies":[{"name":"wp","href":"https:\/\/api.w.org\/{rel}","templated":true}]}}